{"id":5839,"date":"2016-05-31T11:35:48","date_gmt":"2016-05-31T11:35:48","guid":{"rendered":"http:\/\/chilloutbude.eu\/?page_id=5839"},"modified":"2017-06-25T17:16:45","modified_gmt":"2017-06-25T17:16:45","slug":"dayz-epoch-server-rules-d","status":"publish","type":"page","link":"https:\/\/chilloutbude.eu\/index.php\/dayz-epoch-server-rules-d\/","title":{"rendered":"DAYZ Epoch Server Regeln"},"content":{"rendered":"<h2 style=\"text-align: left;\"><strong><span style=\"color: #ff0000;\">DAYZ Epoch Server Regeln &#8211; Deutsch<\/span><\/strong><\/h2>\n<a title=\"\" target=\"_self\" class=\"ut-btn  red medium round\" href=\"https:\/\/chilloutbude.eu\/index.php\/dayz-epoch-server-rules\/\">ENGLISH<\/a>\n<p><strong><span style=\"text-decoration: underline;\"><span style=\"color: #ff0000; text-decoration: underline;\">1.) Hacking \/ Duping \/ Glitching jeglicher Art<\/span><\/span><\/strong><\/p>\n<ul>\n<li style=\"textalign: left;\"><span style=\"color: #fcfcfc;\">Nichts von dem oben genannten ist auf unseren Servern erlaubt und werden mit einem permanenten Bann bestraft.<\/span><\/li>\n<li style=\"textalign: left;\"><span style=\"color: #fcfcfc;\">Combat\/Speedlogging ist ebenso nicht erlaubt.<\/span><\/li>\n<\/ul>\n<p><strong><span style=\"text-decoration: underline;\"><span style=\"color: #ff0000; text-decoration: underline;\">2.) Trader \/ Safe Zone Regeln<\/span><\/span><\/strong><\/p>\n<ul>\n<li style=\"textalign: left;\"><span style=\"color: #fcfcfc;\">Kein Safe Zone \/ Trader Zone Camping Es gibt keine festgelegte Distanz f\u00fcr Camping; tut es einfach nicht.<\/span><\/li>\n<li style=\"textalign: left;\"><span style=\"color: #fcfcfc;\">Die Safezones sind daf\u00fcr gemacht das ihr in Sicherheit eure Trades erledigen k\u00f6nnt. Sie sind nicht daf\u00fcr gemacht um euch bei Der An\/Ab Reise zu sch\u00fctzen.<\/span><\/li>\n<li style=\"textalign: left;\"><span style=\"color: #fcfcfc;\">Das Verfolgen anderer Spieler wenn diese die Safezones verlassen um diese bei der n\u00e4chst besten Gelegenheit abzuschiessen ist nicht erlaubt.<\/span><\/li>\n<li style=\"textalign: left;\"><span style=\"color: #fcfcfc;\">Das fl\u00fcchten aus einem Kampf in eine Safezone ist untersagt, das gilt f\u00fcr Personen, Fahrzeug und Heli\/Flugzeug K\u00e4mpfe. Nach 10 Minuten ohne aktive Kampfhandlung d\u00fcrft ihr euch wieder in eine Safezone begeben.<\/span><\/li>\n<li style=\"textalign: left;\"><span style=\"color: #fcfcfc;\">Jede Art von Missbrauch der Safezones (Missionen machen, Flucht aus K\u00e4mpfen usw.) ist nicht erlaubt.<\/span><\/li>\n<li style=\"textalign: left;\"><span style=\"color: #fcfcfc;\">Kein stehlen von Gear aus fremden Autos\/Rucks\u00e4cken.<\/span><\/li>\n<li style=\"textalign: left;\"><span style=\"color: #fcfcfc;\">Stehlen oder Teile abbauen von Fahrzeugen anderer Spieler in der Safezone ist nicht erlaubt.<\/span><\/li>\n<li style=\"textalign: left;\"><span style=\"color: #fcfcfc;\">K\u00fcstenh\u00e4ndler (Boat\/Wholesaler) sind von Regel #2 ausgenommen. Bei diesen H\u00e4ndlern ist besondere Vorsicht geboten.<\/span><\/li>\n<li style=\"textalign: left;\"><span style=\"color: #fcfcfc;\">Fahrzeuge welche in Safezones stehen gelassen werden, werden gel\u00f6scht\/ge\u00f6ffnet vom Admin.<\/span><\/li>\n<\/ul>\n<p><strong><span style=\"text-decoration: underline;\"><span style=\"color: #ff0000; text-decoration: underline;\">3.) Base Raiding \/ Attacking<\/span><\/span><\/strong><\/p>\n<ul>\n<li style=\"textalign: left;\"><span style=\"color: #fcfcfc;\"> Jede Art von Glitching um Zugang zu Basen zu erhalten ist verboten.<\/span><\/li>\n<li style=\"textalign: left;\"><span style=\"color: #fcfcfc;\">Das umstellen von Plotpoles anderer Spieler in unzug\u00e4ngliche Bereiche (Boden, Geb\u00e4ude etc.) ist nicht erlaubt, baut den Plotpole einfach ab und nehmt ihn mit oder lasst es bleiben.<\/span><\/li>\n<li style=\"textalign: left;\"><span style=\"color: #fcfcfc;\">Das zerst\u00f6ren von Geb\u00e4uden welche zugebaut wurden ist erlaubt.<\/span><\/li>\n<li style=\"textalign: left;\"><span style=\"color: #fcfcfc;\">Base\u00fcbernahme ist nicht erlaubt. Das heisst, du darfst nicht eine fremde Base erobern und danach den plot neu aufbauen und sagen das sie jetzt dir geh\u00f6rt etc.<\/span><\/li>\n<li style=\"textalign: left;\"><span style=\"color: #fcfcfc;\">Cracking (Bruteforcing) von Safe \/ Schl\u00f6ssern ist erlaubt.<\/span><\/li>\n<li style=\"textalign: left;\"><span style=\"color: #fcfcfc;\">Baue keine Sachen in eine fremde Base, auch nicht Beispielsweise Z\u00e4une um Eing\u00e4nge etc. zu blockieren.<\/span> <span style=\"color: #fcfcfc;\"> Dont build stuff in a base that isn&#8217;t yours, that means also blocking entrys with fences etc.<\/span><\/li>\n<\/ul>\n<p><strong><span style=\"text-decoration: underline;\"><span style=\"color: #ff0000; text-decoration: underline;\">4.) Inventar Allgemein<\/span><\/span><\/strong><\/p>\n<ul>\n<li style=\"textalign: left;\"><span style=\"color: #fcfcfc;\">Sachen in eurem Inventar\/Rucksack welche \u00fcber einen Restart verloren gehen werden nicht erstattet Loggt euch 5Minuten vor Restart aus.<\/span><\/li>\n<li style=\"textalign: left;\"><span style=\"color: #fcfcfc;\">Sachen in eurem Inventar\/Rucksack welche verloren gehen weil ihr euch in der n\u00e4he von anderen Spielern oder in Safezones ein bzw. ausloggt werden nicht erstattet.<\/span><\/li>\n<li style=\"textalign: left;\"><span style=\"color: #fcfcfc;\">Charaktere welche sich f\u00fcr mehr als 20Tage nichtmehr eingeloggt haben werden automatisch gel\u00f6scht, eine R\u00fcckerstatung von Gegenst\u00e4nden etc. zu einem sp\u00e4teren Zeitpunkt durch einen Admin ist nicht m\u00f6glich.<\/span><\/li>\n<\/ul>\n<p><strong><span style=\"text-decoration: underline;\"><span style=\"color: #ff0000; text-decoration: underline;\">5.) Base Bau<\/span><\/span><\/strong><\/p>\n<ul>\n<li><span style=\"color: #fcfcfc;\">Keine Basen in der N\u00e4he einer Safezone (Radius 750m). Es k\u00f6nnen bei dieser Regel Ausnahmen gemacht werden wenn diese Base gewissen Anforderungen entspricht und vorg\u00e4ngig mit einem Admin abgesprochen wurde.<\/span><\/li>\n<li><span style=\"color: #fcfcfc;\">Keine Basen, um den Zugang zu military Loot in jeder Art von Milit\u00e4rgeb\u00e4uden zu blockieren (Baracken \/ ATCTower \/ Gef\u00e4ngnisse \/ Wachh\u00e4uschen, etc.).<\/span><\/li>\n<li><span style=\"color: #fcfcfc;\">Keine Basen in High Loot Geb\u00e4uden, Krankenh\u00e4user, Firestations, Tankstellen, Hangars, Industriegeb\u00e4uden oder Superm\u00e4rkten.<\/span><\/li>\n<li><span style=\"color: #fcfcfc;\">Kein Basebau in\/um Tankstellen.<\/span><\/li>\n<li><span style=\"color: #fcfcfc;\">Kein Basebau unmittelbar neben einer anderen Base.<\/span><\/li>\n<li><span style=\"color: #fcfcfc;\">Keine Basen in Cherno, Elektro, Berezino<\/span><\/li>\n<li><span style=\"color: #fcfcfc;\">Keine Basen unmittelbar neben oben genannten Punkten<\/span><\/li>\n<li><span style=\"color: #fcfcfc;\">Basen d\u00fcrfen maximal 30m hoch gebaut werden was 5 Metalfloors entspricht. Alles was dar\u00fcber ist wird von einem Admin gel\u00f6scht. Basen auf\/in Geb\u00e4uden d\u00fcrfen maximal 2 Stockwerke \u00fcber den h\u00f6chsten Punkt des Geb\u00e4udes gebaut werden. (Tritt nur in Kraft wenn das Geb\u00e4ude selbst bereits h\u00f6her oder nahe an 30m ist.)<\/span><\/li>\n<li><span style=\"color: #fcfcfc;\">Basen d\u00fcrfen nicht \u00fcber Strassen gebaut werden.<\/span><\/li>\n<li><span style=\"color: #fcfcfc;\">Keine Basen im Umkreis von 750m zu einer AI Base Bandit HQ, Ai Construction.<\/span><\/li>\n<li><span style=\"color: #fcfcfc;\">Keine Basen um Freshspawns in Freshspawn beliebten Gebieten wie Balota usw. zu jagen.<\/span><\/li>\n<li><span style=\"color: #fcfcfc;\">Wenn wir eine Base finden welche gegen diese Regeln ist wird diese komentarlos von uns gel\u00f6scht! Ihr seid alt genug um diese Regeln zu lesen und zu verstehen.<\/span><\/li>\n<li><span style=\"color: #fcfcfc;\">Wenn du dennoch unsicher bist ob es erlaubt ist an einem Ort den du dir vorstellst zu bauen frage einen Admin im Ts.<\/span><\/li>\n<\/ul>\n<p><strong><span style=\"text-decoration: underline;\"><span style=\"color: #ff0000; text-decoration: underline;\">6.) Admin Support<\/span><\/span><\/strong><\/p>\n<ul>\n<li style=\"textalign: left;\"><span style=\"color: #fcfcfc;\">Wenn du Support von einem Admin ben\u00f6tigst kontaktiere diesen auf unserem Ts (ts.chilloutbude.eu).<\/span><\/li>\n<li style=\"textalign: left;\"><span style=\"color: #fcfcfc;\">Bevor du im Ts einen Admin anschreibst lies dir unbedingt die Beschreibung des Support Channels durch!<\/span><\/li>\n<li style=\"textalign: left;\"><span style=\"color: #fcfcfc;\">Admins sind nicht eure Babysitter w\u00e4hrend ihr spielt, Teleports und Heilungen bekommt ihr nicht ohne guten Grund.<\/span><\/li>\n<li style=\"textalign: left;\"><span style=\"color: #fcfcfc;\">Kontaktiere Admins nur wenn es wirklich wichtig ist.<\/span><\/li>\n<li style=\"textalign: left;\"><span style=\"color: #fcfcfc;\">Schreie nicht im Side Chat nach Hilfe! Dies st\u00f6rt andere spieler welche sich evtl. gerade im Combat befinden.<\/span><\/li>\n<li style=\"textalign: left;\"><span style=\"color: #fcfcfc;\">SpielClient Probleme sind nicht unsere Probleme. L\u00f6st diese m\u00f6glichst alleine mit Hilfe von Google etc.<\/span><\/li>\n<li style=\"textalign: left;\"><span style=\"color: #fcfcfc;\">Falls du den Verdacht hast das jemand die Regeln bricht kontaktiere einen Admin im Teamspeak (ts.chilloutbude.eu) oder sende eine Nachricht an einen Admin auf der Website.<\/span><\/li>\n<li style=\"textalign: left;\"><span style=\"color: #fcfcfc;\">Wenn Rucks\u00e4cke wegbuggen ist das eure Schuld und wir werden nichts ersetzen, dieser Bug existiert seit es DayZ gibt und jeder weis wie er es vermeiden kann das der Rucksack wegbuggt.<\/span><\/li>\n<li style=\"textalign: left;\"><span style=\"color: #fcfcfc;\">Besch\u00e4digte\/zerst\u00f6rrte Fahrzeuge welche kaputt gegangen sind weil diese auf geb\u00e4uden\/holz b\u00f6den geparkt wurden werden nicht ersetzt die betrifft auch Helis.<\/span><\/li>\n<li style=\"textalign: left;\"><span style=\"color: #fcfcfc;\">Wir sind ein FairPlayServer, das bedeutet wir werden euch nicht einfach sachen wiedergeben ohne Beweise.<\/span><\/li>\n<li style=\"textalign: left;\"><span style=\"color: #fcfcfc;\">Ebenso musst du verstehen das die Admins auch ein Real Life haben und nicht eure privaten Butler sind, das heisst das nicht immer 24\/7 ein Admin online ist oder Admins auch AFK sein k\u00f6nnen, desswegen nicht ausflippen wenn du ein Problem hast und gerade kein Admin da ist.<\/span><\/li>\n<li style=\"textalign: left;\"><span style=\"color: #fcfcfc;\">Ebenso ist es dem Admin \u00fcberlassen ob er dir schriftlich oder m\u00fcndlich Support geben will, respektiere das bitte.<\/span><\/li>\n<\/ul>\n<p><strong><span style=\"text-decoration: underline;\"><span style=\"color: #ff0000; text-decoration: underline;\">7.) Fahrzeuge<\/span><\/span><\/strong><\/p>\n<ul>\n<li style=\"textalign: left;\"><span style=\"color: #fcfcfc;\">Gelockte Fahrzeuge werden nach 7 Tagen Inaktivit\u00e4t automatisch ge\u00f6ffnet.<\/span><\/li>\n<li style=\"textalign: left;\"><span style=\"color: #fcfcfc;\">Gelockte Fahrzeuge f\u00fcr die es keinen Schl\u00fcssel mehr gibt (weggebuggt,verloren etc.) werden beim n\u00e4chsten Server Restart automatisch ge\u00f6ffnet.<\/span><\/li>\n<li style=\"textalign: left;\"><span style=\"color: #fcfcfc;\">Fahrzeuge welche f\u00fcr 14 Tage inaktiv sind werden automatisch gel\u00f6scht.<\/span><\/li>\n<li style=\"textalign: left;\"><span style=\"color: #fcfcfc;\">Fahrzeuge welche total besch\u00e4digt (keine reifen, engine etc.) sind und irgend wo rumstehen werden automatisch gel\u00f6scht.<\/span><\/li>\n<li style=\"textalign: left;\"><span style=\"color: #fcfcfc;\">Behaltet nicht unn\u00f6tig viele Fahrzeuge in eurer Base, dies wirkt sich negativ auf die Server Performance aus und es spawnen keine Fahrzeuge mehr nach. Maximum erlaubt ist 4 inkl. Luftfahrzeuge. Benutze bitte die virtuellen Garagen! Was zu viel ist wird von Admins gel\u00f6scht.<\/span><\/li>\n<\/ul>\n<p><strong><span style=\"text-decoration: underline;\"><span style=\"color: #ff0000; text-decoration: underline;\">8.) Side Chat<\/span><\/span><\/strong><\/p>\n<ul>\n<li style=\"textalign: left;\"><span style=\"color: #fcfcfc;\">Nur Englisch und Deutsch im Side Chat.<\/span><\/li>\n<li style=\"textalign: left;\"><span style=\"color: #fcfcfc;\">Kein Voice im Side\/Global Chat.<\/span><\/li>\n<li style=\"textalign: left;\"><span style=\"color: #fcfcfc;\">Kein Flaming\/raging im Side Chat, das beinhaltet auch Flaming \u00fcber Camper, Bambikiller etc.<\/span><\/li>\n<li style=\"textalign: left;\"><span style=\"color: #fcfcfc;\">Keine Beleidigungen im Chat (Side, Global, Direct etc.).<\/span><\/li>\n<li style=\"textalign: left;\"><span style=\"color: #fcfcfc;\">Kein Rassismus in irgendeiner Form.<\/span><\/li>\n<li style=\"textalign: left;\"><span style=\"color: #fcfcfc;\">Haltet die Kommunikation im Side Chat auf einem Minimum denn es st\u00f6rt andere Spieler. Es gibt genug Channel f\u00fcr alle auf unserem Teamspeak.<\/span><\/li>\n<\/ul>\n<p><strong><span style=\"text-decoration: underline;\"><span style=\"color: #ff0000; text-decoration: underline;\">9.) Anderes<\/span><\/span><\/strong><\/p>\n<ul>\n<li style=\"textalign: left;\"><span style=\"color: #fcfcfc;\">Kein excessives Freshspawn jagen an der K\u00fcste. Sollte der Admin denken das es zu viel wird, wird er euer Fahrzeug\/Gear l\u00f6schen.<\/span><\/li>\n<li style=\"textalign: left;\"><span style=\"color: #fcfcfc;\">Unterlasse jede art von Flaming\/Spamming etc. Solltest du ein Problem haben kontaktiere einen Admin um das Problem wie Erwachsene zu l\u00f6sen. Entscheidungen der Admins sind endg\u00fcltig und es muss nicht dar\u00fcber diskutiert werden.<\/span><\/li>\n<li style=\"textalign: left;\"><span style=\"color: #fcfcfc;\">Lasse deinen Plotpole in deiner Base gut gesch\u00fctzt aufgebaut, er sch\u00fctzt deine gelockten Fahrzeuge davor zerst\u00f6rt zu werden und sch\u00fctzt deine Base auch vor einigen Glitch M\u00f6glichkeiten.<\/span><\/li>\n<li style=\"textalign: left;\"><span style=\"color: #fcfcfc;\">Basecamping ist erlaubt, jedoch nur in einem gesunden Mass, wird es nach Ansicht der Admins zu viel wird der Admin die Sache unterbrechen.<\/span><\/li>\n<li style=\"textalign: left;\"><span style=\"color: #fcfcfc;\">Kein Kamikaze jeglicher Art.<\/span><\/li>\n<li style=\"textalign: left;\"><span style=\"color: #fcfcfc;\">Benutze keine Verbugten Fahrzeuge um Missionen zu clearen (Vodnik,Tanks etc.), sollten wir dich dabei erwischen wird dein Fahrzeug zerst\u00f6rt.<\/span><\/li>\n<li style=\"textalign: left;\"><span style=\"color: #fcfcfc;\">Das ausloggen in einer AI Basis (Bandit HQ, AI Construction) um nach dem restart den loot abzugreifen ist nicht erlaubt.<\/span><\/li>\n<li style=\"textalign: left;\"><span style=\"color: #fcfcfc;\">Jede Art von Bugusing wird ohne Disskusion mit einem Ban bestraft.<\/span><\/li>\n<li style=\"textalign: left;\"><span style=\"color: #fcfcfc;\">Das spielen mit multiplen CDKeys \/ Steam Accounts ist verboten. Auch das benutzen eines 2ten Keys nach einem Globalban ist bei uns nicht erlaubt.<\/span><\/li>\n<li style=\"textalign: left;\"><span style=\"color: #fcfcfc;\">Jeder Spieler hat sich zu benehmen.<\/span><\/li>\n<\/ul>\n<h4 style=\"textalign: left;\"><span style=\"color: #ff0000;\">Die Regeln k\u00f6nnen jederzeit und ohne Vorwarnung ge\u00e4ndert werden.<\/span><\/h4>\n<p><img loading=\"lazy\" decoding=\"async\" class=\"aligncenter size-full wp-image-5891\" src=\"https:\/\/chilloutbude.eu\/wp-content\/uploads\/transparent.png\" alt=\"transparent\" width=\"16\" height=\"16\" \/><\/p>\n","protected":false},"excerpt":{"rendered":"<p>DAYZ Epoch Server Regeln &#8211; Deutsch 1.) Hacking \/ Duping \/ Glitching jeglicher Art Nichts von dem oben genannten ist auf unseren Servern erlaubt und werden mit einem permanenten Bann bestraft. Combat\/Speedlogging ist ebenso nicht erlaubt. 2.) Trader \/ Safe Zone Regeln Kein Safe Zone \/ Trader Zone Camping Es gibt keine festgelegte Distanz f\u00fcr [&hellip;]<\/p>\n","protected":false},"author":1,"featured_media":0,"parent":0,"menu_order":0,"comment_status":"closed","ping_status":"closed","template":"","meta":{"footnotes":""},"class_list":["post-5839","page","type-page","status-publish","hentry"],"_links":{"self":[{"href":"https:\/\/chilloutbude.eu\/index.php\/wp-json\/wp\/v2\/pages\/5839","targetHints":{"allow":["GET"]}}],"collection":[{"href":"https:\/\/chilloutbude.eu\/index.php\/wp-json\/wp\/v2\/pages"}],"about":[{"href":"https:\/\/chilloutbude.eu\/index.php\/wp-json\/wp\/v2\/types\/page"}],"author":[{"embeddable":true,"href":"https:\/\/chilloutbude.eu\/index.php\/wp-json\/wp\/v2\/users\/1"}],"replies":[{"embeddable":true,"href":"https:\/\/chilloutbude.eu\/index.php\/wp-json\/wp\/v2\/comments?post=5839"}],"version-history":[{"count":15,"href":"https:\/\/chilloutbude.eu\/index.php\/wp-json\/wp\/v2\/pages\/5839\/revisions"}],"predecessor-version":[{"id":6134,"href":"https:\/\/chilloutbude.eu\/index.php\/wp-json\/wp\/v2\/pages\/5839\/revisions\/6134"}],"wp:attachment":[{"href":"https:\/\/chilloutbude.eu\/index.php\/wp-json\/wp\/v2\/media?parent=5839"}],"curies":[{"name":"wp","href":"https:\/\/api.w.org\/{rel}","templated":true}]}}