{"id":6241,"date":"2019-12-22T20:30:10","date_gmt":"2019-12-22T19:30:10","guid":{"rendered":"https:\/\/chilloutbude.eu\/?page_id=6241"},"modified":"2026-01-22T11:28:31","modified_gmt":"2026-01-22T10:28:31","slug":"conan-pve-c-server-rules-g","status":"publish","type":"page","link":"https:\/\/chilloutbude.eu\/index.php\/conan-pve-c-server-rules-g\/","title":{"rendered":"Conan PVE-C Server Regeln"},"content":{"rendered":"<div class=\"wpb-content-wrapper\"><p>[vc_row][vc_column][vc_column_text]<\/p>\r\n<h2 class=\"wp-block-heading\">Conan Exiles PVE-C Server Regeln &#8211; Deutsch<\/h2>\r\n\r\n<p><p>[\/vc_column_text][\/vc_column][\/vc_row][vc_row][vc_column]<style type=\"text\/css\">#bklyn_btn_69d2bc87ec6d5 .bklyn-btn { color:#ffffff !important; border-radius:5px !important; background-color:#ff0000 !important; }<\/style><div id=\"bklyn_btn_69d2bc87ec6d5\" class=\"bklyn-btn-holder  bklyn-btn-left bklyn-btn-tablet-left bklyn-btn-mobile-center\"><a title=\"\"   href=\"https:\/\/chilloutbude.eu\/index.php\/conan-pve-c-server-rules-e\/\" target=\"_self\" class=\"bklyn-btn  bklyn-btn-normal\" ><span class=\"ut-btn-text\">English<\/span><\/a><\/div>[\/vc_column][\/vc_row][vc_row][vc_column][vc_column_text]<\/p>\n\r\n<p>&nbsp;<\/p>\r\n\r\n<h4 class=\"wp-block-heading\">Generelle Regeln<\/h4>\r\n\r\n<p>&nbsp;<\/p>\r\n\r\n<ul class=\"wp-block-list\">\r\n<li>Politische, Rassistische und pers\u00f6nliche Beleidigungen sind nicht erlaubt.<\/li>\r\n<li>Cheating\/Bugabusing ist nicht erlaubt.<\/li>\r\n<li>Dies ist ein PVE-K Server, solltet ihr gekillt werden m\u00fcsst ihr das akzeptieren, Beleidigungen etc. werden nicht toleriert.<\/li>\r\n<li>Seid fair zu einander, ein gem\u00fctliches Umgangs-Klima ist gew\u00fcnscht.<\/li>\r\n<li>Maximal 30 Pets\/Leibeigene erlaubt, alles was dar\u00fcber ist wird automatisch gel\u00f6scht.<\/li>\r\n<li>Es ist nicht erlaubt Bosse oder NPC&#8217;s in Basen von anderen Spielern zu ziehen um dadurch die Thralls anderer Spieler zu t\u00f6ten.<\/li>\r\n<li>Im Global-Chat darf nicht gespamt werden. M\u00f6chtet ihr miteinander kommunizieren benutzt bitte Teamspeak\/Discord etc. Auf unserem Teamspeak (ts.chilloutbude.eu) findet ihr gen\u00fcgend Channel zum ungest\u00f6rt reden.<\/li>\r\n<\/ul>\r\n\r\n<p>&nbsp;<\/p>\r\n\r\n<h4 class=\"wp-block-heading\">Base-Bau Regeln<\/h4>\r\n\r\n<p>&nbsp;<\/p>\r\n\r\n<ul class=\"wp-block-list\">\r\n<li>Pro Clan\/Gruppe oder einzel Spieler ist maximal eine Base erlaubt.<\/li>\r\n<li>Farm\/Bekehrungs Basen d\u00fcrfen mehrere gebaut werden, diese m\u00fcssen aber klein gehalten werden.<\/li>\r\n<li>Das Blocken von Story-Punkten sowie Boss-Spawns ist strikt untersagt.<\/li>\r\n<li>Baut eure Base nicht unn\u00f6tig gross, dies schadet massiv der Server-Performance und bringt im grossen und ganzen nichts, von einer guten Performance profitiert jeder Spieler, auch du.<\/li>\r\n<li>Foundation spaming ist zu unterlassen.<\/li>\r\n<li>Alles was nicht gem\u00e4ss obenstehenden Regeln konform ist darf durch die Admins gel\u00f6scht werden.<\/li>\r\n<li>Basen deren Besitzer sich nur noch kurz einloggen um den Decay zu resetten ohne wirklich zu spielen werden gel\u00f6scht.<\/li>\r\n<li>4&#8217;500 Base-Teil Limit wird auf diesem Server forciert. Pr\u00fcfe deine Anzahl im &#8220;Clan&#8221; Tab. (Z\u00e4hle beide Zahlen zusammen)<\/li>\r\n<li>Es ist nicht erlaubt mit Schwarzes Eis Strukturen zu bauen, diese werden von uns gel\u00f6scht.<\/li>\r\n<\/ul>\r\n\r\n<p>&nbsp;<\/p>\r\n\r\n<h4 class=\"wp-block-heading\">PVP Regeln<\/h4>\r\n\r\n<p>&nbsp;<\/p>\r\n\r\n<ul class=\"wp-block-list\">\r\n<li>Das Looten toter\/gekillter Spieler ist erlaubt. Versucht fair zu bleiben und nur das zu nehmen was ihr wirklich braucht.<\/li>\r\n<li>PVP ist Level unabh\u00e4ngig, jeder, egal welches Level er hat darf jeden killen.<\/li>\r\n<li>PVP zwischen Spielern\/Clans\/Gruppen unterschiedlicher gr\u00f6ssen sind erlaubt.<\/li>\r\n<li>Pferdek\u00e4mpfe d\u00fcrfen nur noch gegen Spieler bestritten werden, die selbst ein Pferd f\u00fchren. Das Angreifen von Spieler w\u00e4hrend man selbst ein Pferd f\u00fchrt ist untersagt Ausnahme ist, wenn der laufende Spieler euch angreift w\u00e4hrend ihr auf dem Pferd sitzt. Bei Regelversto\u00df ist ein Video-Beweis zu liefern, andernfalls k\u00f6nnen wird die Beschwerde nicht nachvollziehen.<\/li>\r\n<\/ul>\r\n\r\n<p>&nbsp;<\/p>\r\n\r\n<h4 class=\"wp-block-heading\">Bitte stelle sicher wenn du jemanden f\u00fcr einen Regelbruch melden willst das du die Situation mit z.B. Shadowplay aufgenommen hast. Ohne Beweise k\u00f6nnen wir keine Massnahmen ergreifen.<\/h4>\r\n<h4>Indem du auf diesem Server spielst best\u00e4tigst du das du diese Regeln gelesen und verstanden hast und das du diese akzeptierst!<\/h4>\r\n\r\n<p>&nbsp;<\/p>\r\n\r\n<h4 class=\"wp-block-heading\">Die Regeln k\u00f6nnen jederzeit und ohne Vorwarnung ge\u00e4ndert werden.<\/h4>\r\n\r\n<p>&nbsp;<\/p>\r\n\r\n<div class=\"wp-block-image\">\r\n<figure class=\"aligncenter\"><img loading=\"lazy\" decoding=\"async\" width=\"16\" height=\"16\" class=\"wp-image-5891\" src=\"https:\/\/chilloutbude.eu\/wp-content\/uploads\/transparent.png\" alt=\"transparent\" \/><\/figure>\r\n<\/div>\r\n<p>\u00a0<\/p>\r\n<p>[\/vc_column_text][\/vc_column][\/vc_row]<\/p><\/div>","protected":false},"excerpt":{"rendered":"<p>[vc_row][vc_column][vc_column_text] Conan Exiles PVE-C Server Regeln &#8211; Deutsch &nbsp; Generelle Regeln &nbsp; Politische, Rassistische und pers\u00f6nliche Beleidigungen sind nicht erlaubt. Cheating\/Bugabusing ist nicht erlaubt. Dies ist ein PVE-K Server, solltet ihr gekillt werden m\u00fcsst ihr das akzeptieren, Beleidigungen etc. werden nicht toleriert. Seid fair zu einander, ein gem\u00fctliches Umgangs-Klima ist gew\u00fcnscht. Maximal 30 Pets\/Leibeigene erlaubt, [&hellip;]<\/p>\n","protected":false},"author":1,"featured_media":0,"parent":0,"menu_order":0,"comment_status":"closed","ping_status":"closed","template":"","meta":{"footnotes":""},"class_list":["post-6241","page","type-page","status-publish","hentry"],"_links":{"self":[{"href":"https:\/\/chilloutbude.eu\/index.php\/wp-json\/wp\/v2\/pages\/6241","targetHints":{"allow":["GET"]}}],"collection":[{"href":"https:\/\/chilloutbude.eu\/index.php\/wp-json\/wp\/v2\/pages"}],"about":[{"href":"https:\/\/chilloutbude.eu\/index.php\/wp-json\/wp\/v2\/types\/page"}],"author":[{"embeddable":true,"href":"https:\/\/chilloutbude.eu\/index.php\/wp-json\/wp\/v2\/users\/1"}],"replies":[{"embeddable":true,"href":"https:\/\/chilloutbude.eu\/index.php\/wp-json\/wp\/v2\/comments?post=6241"}],"version-history":[{"count":31,"href":"https:\/\/chilloutbude.eu\/index.php\/wp-json\/wp\/v2\/pages\/6241\/revisions"}],"predecessor-version":[{"id":6532,"href":"https:\/\/chilloutbude.eu\/index.php\/wp-json\/wp\/v2\/pages\/6241\/revisions\/6532"}],"wp:attachment":[{"href":"https:\/\/chilloutbude.eu\/index.php\/wp-json\/wp\/v2\/media?parent=6241"}],"curies":[{"name":"wp","href":"https:\/\/api.w.org\/{rel}","templated":true}]}}